{"id":15297,"date":"2024-08-28T04:46:53","date_gmt":"2024-08-28T04:46:53","guid":{"rendered":"https:\/\/fashionwis.com\/product\/toe-separators-for-bunion-pain-relief-and-hammertoe-correction\/"},"modified":"2024-12-01T19:47:06","modified_gmt":"2024-12-01T19:47:06","slug":"toe-separators-for-bunion-pain-relief-and-hammertoe-correction","status":"publish","type":"product","link":"https:\/\/fashionwis.com\/de\/produkt\/toe-separators-for-bunion-pain-relief-and-hammertoe-correction\/","title":{"rendered":"Zehentrenner zur Linderung von Ballenschmerzen und zur Korrektur von Hammerzehen"},"content":{"rendered":"<h2>Linderung von Fu\u00dfschmerzen und Korrektur der Ausrichtung mit Zehentrennern<\/h2>\n<p>Erleben Sie unvergleichlichen Komfort und Schmerzlinderung mit unseren Zehenspreizern, die zur Linderung von Ballenschmerzen, Plantarfasziitis und Hammerzehen entwickelt wurden. Diese langlebigen Spreizer sind aus hochwertigem Silikon gefertigt und bieten eine weiche und sanfte Ber\u00fchrung f\u00fcr empfindliche Haut. Ganz gleich, ob Sie sich von einem Training erholen, den ganzen Tag auf den Beinen sind oder einfach nur die Ausrichtung der Zehen verbessern m\u00f6chten, diese Zehenspreizer sind die ideale L\u00f6sung f\u00fcr Sie.<\/p>\n<p>Unsere Zehentrenner haben ein gebogenes Design, das sich der nat\u00fcrlichen physiologischen Struktur Ihrer F\u00fc\u00dfe anpasst. Dieses durchdachte Design verhindert, dass sich die Zehen \u00fcberlappen, und korrigiert allm\u00e4hlich die Fehlstellung, damit Ihre Zehen bequem an ihrem Platz bleiben. Die Zehentrenner sind einfach zu handhaben und f\u00fcr die meisten Fu\u00dfgr\u00f6\u00dfen geeignet. Sie k\u00f6nnen den ganzen Tag \u00fcber getragen werden und bieten kontinuierliche Unterst\u00fctzung und Entlastung.<\/p>\n<h2>Produktmerkmale<\/h2>\n<ul>\n<li><strong>Hochwertiges Silikon:<\/strong> Hergestellt aus langlebigem, weichem und sicherem Silikon, das schmerzhafte und empfindliche Haut beruhigt.<\/li>\n<li><strong>Ergonomisches Design:<\/strong> Gebogen, um der nat\u00fcrlichen Wachstumskurve Ihrer Zehen zu entsprechen, um \u00dcberlappungen zu vermeiden und die richtige Ausrichtung zu f\u00f6rdern.<\/li>\n<li><strong>Einfach zu bedienen:<\/strong> Einfach zu tragen und passt den meisten Fu\u00dfgr\u00f6\u00dfen bequem.<\/li>\n<li><strong>Kontinuierliche Schmerzlinderung:<\/strong> Bietet den ganzen Tag \u00fcber Linderung bei Ballenschmerzen, Plantarfasziitis und Hammerzehen.<\/li>\n<li><strong>Vielseitig einsetzbar:<\/strong> Ideal f\u00fcr das Tragen in der Nacht, beim Fernsehen, beim Yoga oder sogar mit breitf\u00fc\u00dfigen Turnschuhen.<\/li>\n<\/ul>\n<h2>Vorteile der Verwendung von Zehentrennern<\/h2>\n<p>Unsere Zehentrenner sind so konzipiert, dass sie eine dauerhafte Entlastung und Unterst\u00fctzung bieten, was sie zu einer unverzichtbaren Erg\u00e4nzung Ihrer Fu\u00dfpflegeroutine macht. Hier erfahren Sie, warum unser Produkt so besonders ist:<\/p>\n<ul>\n<li><strong>Schmerzlinderung:<\/strong> Lindert wirksam die Beschwerden bei Ballenzehen, Plantarfasziitis und Hammerzehen.<\/li>\n<li><strong>Verbessert die Ausrichtung:<\/strong> Hilft bei der Korrektur von Zehenfehlstellungen, die durch enge Schuhe und t\u00e4gliche Aktivit\u00e4ten verursacht werden.<\/li>\n<li><strong>Verbessert die Erholung:<\/strong> Unterst\u00fctzt die Erholung des Fu\u00dfes nach dem Sport und reduziert Belastungen und Beschwerden.<\/li>\n<li><strong>Verbessert das Ergebnis der Pedik\u00fcre:<\/strong> H\u00e4lt die Zehen auseinander f\u00fcr eine effektivere und saubere Pedik\u00fcre.<\/li>\n<li><strong>Bequem und langlebig:<\/strong> Hergestellt aus weichem Silikon, das sanft zur Haut ist und gleichzeitig robust genug f\u00fcr den t\u00e4glichen Gebrauch.<\/li>\n<\/ul>\n<h2>Wann sind Zehentrenner zu verwenden?<\/h2>\n<p>Unsere Zehentrenner sind vielseitig einsetzbar und k\u00f6nnen in verschiedenen Szenarien verwendet werden, damit Ihre F\u00fc\u00dfe bequem und schmerzfrei bleiben:<\/p>\n<ul>\n<li><strong>Nachts:<\/strong> Tragen Sie sie beim Schlafen, um Ihre Zehen auszurichten und Schmerzen zu lindern.<\/li>\n<li><strong>In der Freizeit:<\/strong> Verwenden Sie sie beim Fernsehen oder Lesen, um Ihren F\u00fc\u00dfen eine Pause zu g\u00f6nnen.<\/li>\n<li><strong>W\u00e4hrend der \u00dcbung:<\/strong> Ideal f\u00fcr die Erholung nach dem Training, um Belastungen und Beschwerden vorzubeugen.<\/li>\n<li><strong>Mit Schuhwerk:<\/strong> Kompatibel mit Turnschuhen mit breiten F\u00fc\u00dfen f\u00fcr zus\u00e4tzlichen Komfort w\u00e4hrend des ganzen Tages.<\/li>\n<\/ul>\n<h2>Machen Sie den ersten Schritt zu schmerzfreien F\u00fc\u00dfen<\/h2>\n<p>Lassen Sie sich nicht durch Fu\u00dfschmerzen zur\u00fcckhalten. Verbessern Sie Ihre Fu\u00dfpflegeroutine mit unseren Zehentrennern zur Linderung von Ballenschmerzen und zur Korrektur von Hammerzehen. Die Zehentrenner bieten dauerhaften Komfort und Unterst\u00fctzung und helfen Ihnen, ges\u00fcndere und gl\u00fccklichere F\u00fc\u00dfe zu bekommen. Legen Sie dieses unverzichtbare Paar jetzt in Ihren Einkaufswagen und erleben Sie die Erleichterung und Ausrichtung, die Sie verdient haben!<\/p>","protected":false},"excerpt":{"rendered":"<p>Relieve Foot Pain and Correct Alignment with Toe Separators Experience unparalleled comfort and pain relief with our Toe Separators, designed to alleviate bunion pain, plantar fasciitis, and hammertoes. Crafted for intermediate users, these durable spreaders are made from high-quality silicone, providing a soft and gentle touch to sensitive skin. Whether you\u2019re recovering from a workout, [&hellip;]<\/p>\n","protected":false},"featured_media":15301,"comment_status":"open","ping_status":"closed","template":"","meta":{"_et_pb_use_builder":"","_et_pb_old_content":"","_et_gb_content_width":""},"product_brand":[],"product_cat":[2069,2068],"product_tag":[],"class_list":{"0":"post-15297","1":"product","2":"type-product","3":"status-publish","4":"has-post-thumbnail","6":"product_cat-foot-hand-nail-care","7":"product_cat-health-beauty","8":"sellvia_product","10":"first","11":"instock","12":"taxable","13":"shipping-taxable","14":"purchasable","15":"product-type-variable"},"_links":{"self":[{"href":"https:\/\/fashionwis.com\/de\/wp-json\/wp\/v2\/product\/15297","targetHints":{"allow":["GET"]}}],"collection":[{"href":"https:\/\/fashionwis.com\/de\/wp-json\/wp\/v2\/product"}],"about":[{"href":"https:\/\/fashionwis.com\/de\/wp-json\/wp\/v2\/types\/product"}],"replies":[{"embeddable":true,"href":"https:\/\/fashionwis.com\/de\/wp-json\/wp\/v2\/comments?post=15297"}],"wp:featuredmedia":[{"embeddable":true,"href":"https:\/\/fashionwis.com\/de\/wp-json\/wp\/v2\/media\/15301"}],"wp:attachment":[{"href":"https:\/\/fashionwis.com\/de\/wp-json\/wp\/v2\/media?parent=15297"}],"wp:term":[{"taxonomy":"product_brand","embeddable":true,"href":"https:\/\/fashionwis.com\/de\/wp-json\/wp\/v2\/product_brand?post=15297"},{"taxonomy":"product_cat","embeddable":true,"href":"https:\/\/fashionwis.com\/de\/wp-json\/wp\/v2\/product_cat?post=15297"},{"taxonomy":"product_tag","embeddable":true,"href":"https:\/\/fashionwis.com\/de\/wp-json\/wp\/v2\/product_tag?post=15297"}],"curies":[{"name":"wp","href":"https:\/\/api.w.org\/{rel}","templated":true}]}}