{"id":42562,"date":"2024-08-28T05:53:50","date_gmt":"2024-08-28T05:53:50","guid":{"rendered":"https:\/\/fashionwis.com\/product\/womens-genuine-leather-pointed-toe-chunky-ankle-boots\/"},"modified":"2025-09-29T21:28:33","modified_gmt":"2025-09-29T21:28:33","slug":"womens-genuine-leather-pointed-toe-chunky-ankle-boots","status":"publish","type":"product","link":"https:\/\/fashionwis.com\/de\/produkt\/womens-genuine-leather-pointed-toe-chunky-ankle-boots\/","title":{"rendered":"Damenstiefel aus echtem Leder mit spitzer Zehe und klobigem Schaft"},"content":{"rendered":"<h2>Peppen Sie Ihren Stil mit diesen schicken Lederstiefeln auf<\/h2>\n<p>Erh\u00f6hen Sie Ihre Wintergarderobe mit diesen stilvollen Damenstiefeln aus echtem Leder mit spitzer Zehe und klobigem Schaft. Entworfen f\u00fcr die moderne Frau, die sowohl Mode als auch Funktionalit\u00e4t sch\u00e4tzt, sind diese Stiefel ein Must-Have f\u00fcr die kalte Jahreszeit. Aus hochwertigem Schafsleder gefertigt, bieten sie Haltbarkeit und ein luxuri\u00f6ses Gef\u00fchl, das jedes Outfit erg\u00e4nzt. Egal, ob Sie zur Arbeit oder zu einem Freizeitausflug gehen, mit diesen Stiefeln sind Sie den ganzen Tag lang bequem und schick.<\/p>\n<h2>Produktmerkmale<\/h2>\n<p>Unsere Damenstiefel aus echtem Leder mit spitzer Zehe und klobigem Schaft sind vollgepackt mit Eigenschaften, die sie zu einer unverzichtbaren Erg\u00e4nzung Ihrer Schuhsammlung machen:<\/p>\n<ul>\n<li><strong>Stiefel-Typ:<\/strong> Arbeit und Sicherheit<\/li>\n<li><strong>Material des Schafts:<\/strong> Echtes Schafsleder<\/li>\n<li><strong>Material der Laufsohle:<\/strong> TPR (Thermoplastischer Gummi)<\/li>\n<li><strong>Obermaterial:<\/strong> Echtes Schafsleder<\/li>\n<li><strong>Material der Einlegesohle:<\/strong> Kurzer Pl\u00fcsch<\/li>\n<li><strong>Absatz-Typ:<\/strong> Quadratischer Absatz<\/li>\n<li><strong>Material des Futters:<\/strong> Kurzer Pl\u00fcsch<\/li>\n<li><strong>Stiefelh\u00f6he:<\/strong> Kn\u00f6chel<\/li>\n<li><strong>Form der Zehen:<\/strong> Spitze Zehe<\/li>\n<li><strong>Absatzh\u00f6he:<\/strong> Hoch (6cm)<\/li>\n<li><strong>Art des Verschlusses:<\/strong> Rei\u00dfverschluss<\/li>\n<li><strong>Stil:<\/strong> Retro<\/li>\n<li><strong>Mode-Element:<\/strong> Quergebundene<\/li>\n<li><strong>Handgefertigt:<\/strong> Ja<\/li>\n<\/ul>\n<table>\n<thead>\n<tr>\n<th>F\u00fc\u00dfe lang (cm)<\/th>\n<th>22.0<\/th>\n<th>22.5<\/th>\n<th>23.0<\/th>\n<th>23.5<\/th>\n<th>24.0<\/th>\n<th>24.5<\/th>\n<th>25.0<\/th>\n<th>25.5<\/th>\n<th>26.0<\/th>\n<\/tr>\n<\/thead>\n<tbody>\n<tr>\n<td>EUR Gr\u00f6\u00dfe<\/td>\n<td>34<\/td>\n<td>35<\/td>\n<td>36<\/td>\n<td>37<\/td>\n<td>38<\/td>\n<td>39<\/td>\n<td>40<\/td>\n<td>41<\/td>\n<td>42<\/td>\n<\/tr>\n<tr>\n<td>US Gr\u00f6\u00dfe<\/td>\n<td>4<\/td>\n<td>5<\/td>\n<td>5.5<\/td>\n<td>6<\/td>\n<td>7<\/td>\n<td>7.5<\/td>\n<td>8<\/td>\n<td>9<\/td>\n<td>9.5<\/td>\n<\/tr>\n<\/tbody>\n<\/table>\n<h2>Perfekt f\u00fcr alle Anl\u00e4sse<\/h2>\n<p>Diese Stiefel sind so konzipiert, dass sie vielseitig sind und zu verschiedenen Anl\u00e4ssen getragen werden k\u00f6nnen. Egal, ob Sie sich f\u00fcr einen Abend in Schale werfen oder ein robustes, aber dennoch stilvolles Paar Stiefel f\u00fcr die Arbeit brauchen, diese Stiefel sind perfekt f\u00fcr Sie. Das echte Schafsleder sorgt daf\u00fcr, dass Ihre F\u00fc\u00dfe warm und bequem bleiben, was sie ideal f\u00fcr den Winter macht. Die spitz zulaufende Spitze und der klobige Absatz sorgen f\u00fcr einen Hauch von Eleganz, w\u00e4hrend der Retro-Stil f\u00fcr einen einzigartigen und modischen Look sorgt.<\/p>\n<h2>Warum diese Stiefel w\u00e4hlen?<\/h2>\n<p>Das Besondere an diesen Damenstiefeln aus echtem Leder mit spitzer Zehe ist die Kombination aus Stil, Komfort und Haltbarkeit. Die hochwertigen Materialien und die Handwerkskunst sorgen daf\u00fcr, dass diese Stiefel f\u00fcr die kommenden Jahreszeiten dauern wird. Das kurze Pl\u00fcschfutter und die Innensohle sorgen f\u00fcr zus\u00e4tzlichen Komfort, w\u00e4hrend die TPR-Laufsohle ausgezeichnete Traktion und Stabilit\u00e4t bietet. Das modische Kreuzband-Element und der Rei\u00dfverschluss sorgen f\u00fcr Funktionalit\u00e4t und Stil.<\/p>\n<h2>Vorteile<\/h2>\n<ul>\n<li>Langlebiges und hochwertiges echtes Schafsleder<\/li>\n<li>Bequemes kurzes Pl\u00fcschfutter und Einlegesohle<\/li>\n<li>Stilvolles Retro-Design mit spitzer Zehe und klobigem Absatz<\/li>\n<li>Sicherer und einfach zu bedienender Rei\u00dfverschluss<\/li>\n<li>Vielseitig einsetzbar f\u00fcr Arbeit, Freizeit und besondere Anl\u00e4sse<\/li>\n<\/ul>\n<h2>Bestellen Sie Ihr Exemplar noch heute!<\/h2>\n<p>Verpassen Sie nicht diese unverzichtbaren Damenstiefel aus echtem Leder mit spitzer Zehe und klobigem Absatz. Perfekt f\u00fcr die moderne Frau, bieten sie eine Mischung aus Stil, Komfort und Haltbarkeit, die jedes Outfit aufwertet. Bestellen Sie jetzt und peppen Sie Ihre Wintergarderobe mit diesen schicken und vielseitigen Stiefeln auf!<\/p>","protected":false},"excerpt":{"rendered":"<p>Step Up Your Style with These Chic Leather Ankle Boots Elevate your winter wardrobe with these stylish Women&#8217;s Genuine Leather Pointed Toe Chunky Ankle Boots. Designed for the modern woman who values both fashion and functionality, these boots are a must-have for the cold season. Crafted from high-quality sheepskin leather, they offer durability and a [&hellip;]<\/p>\n","protected":false},"featured_media":42595,"comment_status":"open","ping_status":"closed","template":"","meta":{"_et_pb_use_builder":"","_et_pb_old_content":"","_et_gb_content_width":""},"product_brand":[],"product_cat":[3229,3238,3714],"product_tag":[],"class_list":{"0":"post-42562","1":"product","2":"type-product","3":"status-publish","4":"has-post-thumbnail","6":"product_cat-fashion","7":"product_cat-shoes","8":"product_cat-women","9":"sellvia_product","11":"first","12":"instock","13":"sale","14":"featured","15":"taxable","16":"shipping-taxable","17":"purchasable","18":"product-type-variable"},"_links":{"self":[{"href":"https:\/\/fashionwis.com\/de\/wp-json\/wp\/v2\/product\/42562","targetHints":{"allow":["GET"]}}],"collection":[{"href":"https:\/\/fashionwis.com\/de\/wp-json\/wp\/v2\/product"}],"about":[{"href":"https:\/\/fashionwis.com\/de\/wp-json\/wp\/v2\/types\/product"}],"replies":[{"embeddable":true,"href":"https:\/\/fashionwis.com\/de\/wp-json\/wp\/v2\/comments?post=42562"}],"wp:featuredmedia":[{"embeddable":true,"href":"https:\/\/fashionwis.com\/de\/wp-json\/wp\/v2\/media\/42595"}],"wp:attachment":[{"href":"https:\/\/fashionwis.com\/de\/wp-json\/wp\/v2\/media?parent=42562"}],"wp:term":[{"taxonomy":"product_brand","embeddable":true,"href":"https:\/\/fashionwis.com\/de\/wp-json\/wp\/v2\/product_brand?post=42562"},{"taxonomy":"product_cat","embeddable":true,"href":"https:\/\/fashionwis.com\/de\/wp-json\/wp\/v2\/product_cat?post=42562"},{"taxonomy":"product_tag","embeddable":true,"href":"https:\/\/fashionwis.com\/de\/wp-json\/wp\/v2\/product_tag?post=42562"}],"curies":[{"name":"wp","href":"https:\/\/api.w.org\/{rel}","templated":true}]}}