{"id":15297,"date":"2024-08-28T04:46:53","date_gmt":"2024-08-28T04:46:53","guid":{"rendered":"https:\/\/fashionwis.com\/product\/toe-separators-for-bunion-pain-relief-and-hammertoe-correction\/"},"modified":"2024-12-01T19:47:06","modified_gmt":"2024-12-01T19:47:06","slug":"toe-separators-for-bunion-pain-relief-and-hammertoe-correction","status":"publish","type":"product","link":"https:\/\/fashionwis.com\/es\/producto\/toe-separators-for-bunion-pain-relief-and-hammertoe-correction\/","title":{"rendered":"Separadores de dedos para aliviar el dolor de juanetes y corregir el dedo martillo"},"content":{"rendered":"<h2>Alivie el dolor de pies y corrija la alineaci\u00f3n con los separadores de dedos<\/h2>\n<p>Experimente una comodidad y un alivio del dolor sin igual con nuestros separadores de dedos, dise\u00f1ados para aliviar el dolor de juanetes, la fascitis plantar y los dedos en martillo. Fabricados para usuarios intermedios, estos separadores duraderos est\u00e1n hechos de silicona de alta calidad, proporcionando un tacto suave y delicado a la piel sensible. Tanto si te est\u00e1s recuperando de un entrenamiento, como si pasas el d\u00eda de pie o simplemente buscas mejorar la alineaci\u00f3n de los dedos, estos separadores de dedos son tu soluci\u00f3n.<\/p>\n<p>Nuestros separadores de dedos presentan un dise\u00f1o curvado que se adapta a la estructura fisiol\u00f3gica natural de los pies. Este estudiado dise\u00f1o ayuda a evitar la superposici\u00f3n de los dedos y corrige gradualmente la desalineaci\u00f3n, garantizando que los dedos permanezcan c\u00f3modamente en su sitio. F\u00e1ciles de usar y adecuados para la mayor\u00eda de los tama\u00f1os de pie, estos separadores pueden llevarse durante todo el d\u00eda, proporcionando un apoyo y alivio continuos.<\/p>\n<h2>Caracter\u00edsticas del producto<\/h2>\n<ul>\n<li><strong>Silicona de alta calidad:<\/strong> Hecho de silicona duradera, suave y segura que alivia la piel dolorida y sensible.<\/li>\n<li><strong>Dise\u00f1o ergon\u00f3mico:<\/strong> Curvados para adaptarse a la curva natural de crecimiento de los dedos de los pies, evitando el solapamiento y favoreciendo una alineaci\u00f3n correcta.<\/li>\n<li><strong>F\u00e1cil de usar:<\/strong> F\u00e1ciles de llevar y se adaptan c\u00f3modamente a la mayor\u00eda de los tama\u00f1os de pie.<\/li>\n<li><strong>Alivio continuo del dolor:<\/strong> Alivia durante todo el d\u00eda el dolor de juanetes, fascitis plantar y dedos en martillo.<\/li>\n<li><strong>Uso vers\u00e1til:<\/strong> Ideal para llevar por la noche, mientras se ve la televisi\u00f3n, se practica yoga o incluso con zapatillas de deporte de suela ancha.<\/li>\n<\/ul>\n<h2>Ventajas del uso de separadores de dedos<\/h2>\n<p>Nuestros separadores de dedos est\u00e1n dise\u00f1ados para proporcionar alivio y apoyo duraderos, lo que los convierte en un complemento esencial para su rutina de cuidado de los pies. He aqu\u00ed por qu\u00e9 destaca nuestro producto:<\/p>\n<ul>\n<li><strong>Alivio del dolor:<\/strong> Alivia eficazmente las molestias de juanetes, fascitis plantar y dedos en martillo.<\/li>\n<li><strong>Mejora la alineaci\u00f3n:<\/strong> Ayuda a corregir la desalineaci\u00f3n de los dedos causada por el calzado estrecho y las actividades diarias.<\/li>\n<li><strong>Mejora la recuperaci\u00f3n:<\/strong> Favorece la recuperaci\u00f3n del pie despu\u00e9s del ejercicio, reduciendo la tensi\u00f3n y las molestias.<\/li>\n<li><strong>Potencia los resultados de la pedicura:<\/strong> Mantiene los dedos de los pies separados para una pedicura m\u00e1s eficaz y cuidada.<\/li>\n<li><strong>C\u00f3modo y duradero:<\/strong> Fabricado en silicona suave que no da\u00f1a la piel y es lo suficientemente resistente para el uso diario.<\/li>\n<\/ul>\n<h2>Cu\u00e1ndo utilizar separadores de dedos<\/h2>\n<p>Nuestros separadores de dedos son vers\u00e1tiles y se pueden utilizar en varios escenarios para garantizar que sus pies permanezcan c\u00f3modos y sin dolor:<\/p>\n<ul>\n<li><strong>Por la noche:<\/strong> Ll\u00e9valos mientras duermes para mantener los dedos de los pies alineados y reducir el dolor.<\/li>\n<li><strong>Durante el tiempo libre:<\/strong> Util\u00edzalos mientras ves la televisi\u00f3n o lees para dar un respiro a tus pies.<\/li>\n<li><strong>Durante el ejercicio:<\/strong> Ideal para la recuperaci\u00f3n post-entrenamiento para evitar tensiones y molestias.<\/li>\n<li><strong>Con calzado:<\/strong> Compatible con zapatillas de suela ancha para una mayor comodidad durante todo el d\u00eda.<\/li>\n<\/ul>\n<h2>D\u00e9 el primer paso hacia unos pies sin dolor<\/h2>\n<p>No deje que el dolor de pies le frene. Mejore su rutina de cuidado de los pies con nuestros separadores de dedos para el alivio del dolor de juanetes y la correcci\u00f3n del dedo en martillo. Dise\u00f1ados para proporcionar comodidad y apoyo duraderos, estos separadores le ayudar\u00e1n a conseguir unos pies m\u00e1s sanos y felices. A\u00f1ada este par esencial a su cesta ahora y experimente el alivio y la alineaci\u00f3n que se merece.<\/p>","protected":false},"excerpt":{"rendered":"<p>Relieve Foot Pain and Correct Alignment with Toe Separators Experience unparalleled comfort and pain relief with our Toe Separators, designed to alleviate bunion pain, plantar fasciitis, and hammertoes. Crafted for intermediate users, these durable spreaders are made from high-quality silicone, providing a soft and gentle touch to sensitive skin. Whether you\u2019re recovering from a workout, [&hellip;]<\/p>\n","protected":false},"featured_media":15301,"comment_status":"open","ping_status":"closed","template":"","meta":{"_et_pb_use_builder":"","_et_pb_old_content":"","_et_gb_content_width":""},"product_brand":[],"product_cat":[2069,2068],"product_tag":[],"class_list":{"0":"post-15297","1":"product","2":"type-product","3":"status-publish","4":"has-post-thumbnail","6":"product_cat-foot-hand-nail-care","7":"product_cat-health-beauty","8":"sellvia_product","10":"first","11":"instock","12":"taxable","13":"shipping-taxable","14":"purchasable","15":"product-type-variable"},"_links":{"self":[{"href":"https:\/\/fashionwis.com\/es\/wp-json\/wp\/v2\/product\/15297","targetHints":{"allow":["GET"]}}],"collection":[{"href":"https:\/\/fashionwis.com\/es\/wp-json\/wp\/v2\/product"}],"about":[{"href":"https:\/\/fashionwis.com\/es\/wp-json\/wp\/v2\/types\/product"}],"replies":[{"embeddable":true,"href":"https:\/\/fashionwis.com\/es\/wp-json\/wp\/v2\/comments?post=15297"}],"wp:featuredmedia":[{"embeddable":true,"href":"https:\/\/fashionwis.com\/es\/wp-json\/wp\/v2\/media\/15301"}],"wp:attachment":[{"href":"https:\/\/fashionwis.com\/es\/wp-json\/wp\/v2\/media?parent=15297"}],"wp:term":[{"taxonomy":"product_brand","embeddable":true,"href":"https:\/\/fashionwis.com\/es\/wp-json\/wp\/v2\/product_brand?post=15297"},{"taxonomy":"product_cat","embeddable":true,"href":"https:\/\/fashionwis.com\/es\/wp-json\/wp\/v2\/product_cat?post=15297"},{"taxonomy":"product_tag","embeddable":true,"href":"https:\/\/fashionwis.com\/es\/wp-json\/wp\/v2\/product_tag?post=15297"}],"curies":[{"name":"wp","href":"https:\/\/api.w.org\/{rel}","templated":true}]}}