{"id":15693,"date":"2024-08-28T04:47:38","date_gmt":"2024-08-28T04:47:38","guid":{"rendered":"https:\/\/fashionwis.com\/product\/cuticle-nippers-scissors-nail-clipper-trimmer-dead-skin-remover-cuticle-cutter-manicure-supplies-professional-tool\/"},"modified":"2024-12-01T19:47:39","modified_gmt":"2024-12-01T19:47:39","slug":"cuticle-nippers-scissors-nail-clipper-trimmer-dead-skin-remover-cuticle-cutter-manicure-supplies-professional-tool","status":"publish","type":"product","link":"https:\/\/fashionwis.com\/es\/producto\/cuticle-nippers-scissors-nail-clipper-trimmer-dead-skin-remover-cuticle-cutter-manicure-supplies-professional-tool\/","title":{"rendered":"Alicates para cut\u00edculas Tijeras Cortau\u00f1as Recortador Pieles Muertas Cut\u00edcula Cutter Manicura Suministros Herramienta Profesional"},"content":{"rendered":"<div>\n<div>\n<div><\/div>\n<div>\u00a0<\/div>\n<div align=\"center\" style=\"text-align:center\"><span style=\"font-size:22px\"><strong><span>Acero Inoxidable Punta Curvada Hoja Delgada Cut\u00edcula Tijeras Cortau\u00f1as Recortador Pieles Muertas Manicura Herramientas Cejas<\/span><\/strong><\/span><\/div>\n<div><strong>Caracter\u00edstica:<\/strong><br \/>\n1. Nuevas tijeras de acero inoxidable de alta calidad y seguro, recortador de pelo de la nariz, tijeras de cejas.<\/p>\n<p>2. Tiene una afilada hoja de precisi\u00f3n que se puede doblar, y la punta de la hoja es redonda para garantizar la seguridad.<\/p>\n<p>3. Dise\u00f1ado para recortar la nariz y las cejas de forma segura y sin dolor.<\/p>\n<p>4. El borde curvo redondeado garantiza que no cortar\u00e1 la delicada zona de las orejas y la nariz.<\/p>\n<p>5. Dise\u00f1o sencillo y pr\u00e1ctico, f\u00e1cil de sujetar y utilizar.<\/p>\n<p>Color: Plata<\/p>\n<p>Material: Acero inoxidable<\/p>\n<p>Tama\u00f1o: 9.0*4.2cm<\/p>\n<p><strong>Paquete incluido:<\/strong><br \/>\n1 *Tijeras curvas puntiagudas<\/p>\n<p><img decoding=\"async\" src=\"\" \/> <img decoding=\"async\" src=\"\" \/> <img decoding=\"async\" src=\"\" \/> <img decoding=\"async\" src=\"\" \/> <img decoding=\"async\" src=\"\" \/> <img decoding=\"async\" src=\"\" \/> <img decoding=\"async\" src=\"\" \/><\/div>\n<p>\u00a0<\/p>\n<\/div>\n<\/div>","protected":false},"excerpt":{"rendered":"<p>\u00a0 Stainless Steel Curved Tip Thin Blade Cuticle Scissors Nail Clippers Trimmer Dead Skin Remover Manicure Tools Eyebrow Tools Feature: 1. New high-quality and safe stainless steel scissors, nose hair trimmer, eyebrow scissors. 2. It has a sharp precision blade that can be bent, and the tip of the blade is round to ensure safety. [&hellip;]<\/p>\n","protected":false},"featured_media":15695,"comment_status":"open","ping_status":"closed","template":"","meta":{"_et_pb_use_builder":"","_et_pb_old_content":"","_et_gb_content_width":""},"product_brand":[],"product_cat":[2069,2068],"product_tag":[],"class_list":{"0":"post-15693","1":"product","2":"type-product","3":"status-publish","4":"has-post-thumbnail","6":"product_cat-foot-hand-nail-care","7":"product_cat-health-beauty","8":"sellvia_product","10":"first","11":"instock","12":"sale","13":"taxable","14":"shipping-taxable","15":"purchasable","16":"product-type-variable"},"_links":{"self":[{"href":"https:\/\/fashionwis.com\/es\/wp-json\/wp\/v2\/product\/15693","targetHints":{"allow":["GET"]}}],"collection":[{"href":"https:\/\/fashionwis.com\/es\/wp-json\/wp\/v2\/product"}],"about":[{"href":"https:\/\/fashionwis.com\/es\/wp-json\/wp\/v2\/types\/product"}],"replies":[{"embeddable":true,"href":"https:\/\/fashionwis.com\/es\/wp-json\/wp\/v2\/comments?post=15693"}],"wp:featuredmedia":[{"embeddable":true,"href":"https:\/\/fashionwis.com\/es\/wp-json\/wp\/v2\/media\/15695"}],"wp:attachment":[{"href":"https:\/\/fashionwis.com\/es\/wp-json\/wp\/v2\/media?parent=15693"}],"wp:term":[{"taxonomy":"product_brand","embeddable":true,"href":"https:\/\/fashionwis.com\/es\/wp-json\/wp\/v2\/product_brand?post=15693"},{"taxonomy":"product_cat","embeddable":true,"href":"https:\/\/fashionwis.com\/es\/wp-json\/wp\/v2\/product_cat?post=15693"},{"taxonomy":"product_tag","embeddable":true,"href":"https:\/\/fashionwis.com\/es\/wp-json\/wp\/v2\/product_tag?post=15693"}],"curies":[{"name":"wp","href":"https:\/\/api.w.org\/{rel}","templated":true}]}}