{"id":27977,"date":"2024-08-28T05:10:56","date_gmt":"2024-08-28T05:10:56","guid":{"rendered":"https:\/\/fashionwis.com\/product\/ultrasonic-electric-facial-cleansing-brush-360-rotate-skin-care-tool\/"},"modified":"2024-12-01T20:05:34","modified_gmt":"2024-12-01T20:05:34","slug":"ultrasonic-electric-facial-cleansing-brush-360-rotate-skin-care-tool","status":"publish","type":"product","link":"https:\/\/fashionwis.com\/es\/producto\/ultrasonic-electric-facial-cleansing-brush-360-rotate-skin-care-tool\/","title":{"rendered":"Cepillo ultras\u00f3nico el\u00e9ctrico de limpieza facial 360 Rotate Skin Care Tool"},"content":{"rendered":"<h2>Limpia tu piel en profundidad con facilidad<\/h2>\n<p>Transforme su rutina de cuidado de la piel con el Cepillo Limpiador Facial El\u00e9ctrico Ultras\u00f3nico. Esta innovadora herramienta proporciona una limpieza profunda y exhaustiva, ayudando a eliminar la suciedad, la grasa y los restos de maquillaje de los poros. Con su cabezal giratorio de 360 grados y su avanzada tecnolog\u00eda ultras\u00f3nica, este cepillo limpiador garantiza que su piel se sienta fresca y rejuvenecida. Perfecto para todo tipo de pieles, es imprescindible para cualquiera que desee mejorar su r\u00e9gimen de cuidado de la piel.<\/p>\n<h2>Funciones avanzadas para un cuidado superior de la piel<\/h2>\n<p>Este cepillo limpiador facial cuenta con una serie de funciones dise\u00f1adas para proporcionar a su piel el mejor cuidado posible:<\/p>\n<ul>\n<li>Capacidad de limpieza y masaje de la microcirculaci\u00f3n para mejorar la salud y el metabolismo de la piel.<\/li>\n<li>Dos modos de limpieza: un modo suave (300 veces\/min) para pieles sensibles y un modo de limpieza (450 veces\/min) para una limpieza m\u00e1s profunda.<\/li>\n<li>Aclara eficazmente el tono de la piel, afina los poros y trata problemas cut\u00e1neos comunes como el acn\u00e9 y el exceso de grasa.<\/li>\n<li>Tres cabezales de cepillo reemplazables con cerdas suaves y respetuosas con la piel para una limpieza suave pero eficaz.<\/li>\n<li>Dise\u00f1o compacto y ligero que facilita su transporte y uso durante los viajes o los desplazamientos de negocios.<\/li>\n<li>Grado de impermeabilidad IPX5, lo que permite su uso en la ducha para mayor comodidad.<\/li>\n<\/ul>\n<h2>\u00bfPor qu\u00e9 elegir el cepillo el\u00e9ctrico ultras\u00f3nico de limpieza facial?<\/h2>\n<p>Esta vers\u00e1til herramienta para el cuidado de la piel es ideal para usar a diario o siempre que necesite una limpieza a fondo. Tanto si tienes los poros obstruidos, acn\u00e9 o piel grasa, este cepillo te ayudar\u00e1 a mejorar el aspecto y la textura de tu piel. Su modo suave lo hace perfecto para las personas con piel sensible, mientras que el modo de limpieza m\u00e1s intenso es ideal para tratar los problemas m\u00e1s dif\u00edciles de la piel.<\/p>\n<p>Lo que distingue a este cepillo de limpieza facial es su capacidad para proporcionar una experiencia de spa en casa. La funci\u00f3n de masaje microcirculatorio no s\u00f3lo limpia, sino que tambi\u00e9n favorece una piel m\u00e1s sana al estimular el flujo sangu\u00edneo y mejorar el metabolismo. Los cabezales de cepillo reemplazables garantizan que siempre disponga de un cepillo nuevo y limpio, lo que aumenta la eficacia y longevidad de la herramienta.<\/p>","protected":false},"excerpt":{"rendered":"<p>Deep Clean Your Skin with Ease Transform your skincare routine with the Ultrasonic Electric Facial Cleansing Brush. This innovative tool provides a deep, thorough cleanse, helping to remove dirt, oil, and makeup residue from your pores. With its 360-degree rotating brush head and advanced ultrasonic technology, this cleansing brush ensures your skin is left feeling [&hellip;]<\/p>\n","protected":false},"featured_media":27979,"comment_status":"open","ping_status":"closed","template":"","meta":{"_et_pb_use_builder":"","_et_pb_old_content":"","_et_gb_content_width":""},"product_brand":[],"product_cat":[2068,2073],"product_tag":[],"class_list":{"0":"post-27977","1":"product","2":"type-product","3":"status-publish","4":"has-post-thumbnail","6":"product_cat-health-beauty","7":"product_cat-skin-care","8":"sellvia_product","10":"first","11":"instock","12":"sale","13":"featured","14":"taxable","15":"shipping-taxable","16":"purchasable","17":"product-type-variable"},"_links":{"self":[{"href":"https:\/\/fashionwis.com\/es\/wp-json\/wp\/v2\/product\/27977","targetHints":{"allow":["GET"]}}],"collection":[{"href":"https:\/\/fashionwis.com\/es\/wp-json\/wp\/v2\/product"}],"about":[{"href":"https:\/\/fashionwis.com\/es\/wp-json\/wp\/v2\/types\/product"}],"replies":[{"embeddable":true,"href":"https:\/\/fashionwis.com\/es\/wp-json\/wp\/v2\/comments?post=27977"}],"wp:featuredmedia":[{"embeddable":true,"href":"https:\/\/fashionwis.com\/es\/wp-json\/wp\/v2\/media\/27979"}],"wp:attachment":[{"href":"https:\/\/fashionwis.com\/es\/wp-json\/wp\/v2\/media?parent=27977"}],"wp:term":[{"taxonomy":"product_brand","embeddable":true,"href":"https:\/\/fashionwis.com\/es\/wp-json\/wp\/v2\/product_brand?post=27977"},{"taxonomy":"product_cat","embeddable":true,"href":"https:\/\/fashionwis.com\/es\/wp-json\/wp\/v2\/product_cat?post=27977"},{"taxonomy":"product_tag","embeddable":true,"href":"https:\/\/fashionwis.com\/es\/wp-json\/wp\/v2\/product_tag?post=27977"}],"curies":[{"name":"wp","href":"https:\/\/api.w.org\/{rel}","templated":true}]}}