{"id":28050,"date":"2024-08-28T05:11:04","date_gmt":"2024-08-28T05:11:04","guid":{"rendered":"https:\/\/fashionwis.com\/product\/portable-nano-mist-facial-steamer-hydrator-with-skin-tester\/"},"modified":"2025-02-21T10:55:16","modified_gmt":"2025-02-21T10:55:16","slug":"portable-nano-mist-facial-steamer-hydrator-with-skin-tester","status":"publish","type":"product","link":"https:\/\/fashionwis.com\/es\/producto\/portable-nano-mist-facial-steamer-hydrator-with-skin-tester\/","title":{"rendered":"Vaporizador e Hidratador Facial Port\u00e1til Nano Mist con Comprobador de Piel"},"content":{"rendered":"<h2>Revitalice su piel en cualquier momento y lugar<\/h2>\n<p>Experimente lo \u00faltimo en hidrataci\u00f3n de la piel con el vaporizador e hidratador facial port\u00e1til Nano Mist con comprobador de piel. Esta herramienta de belleza compacta e innovadora est\u00e1 dise\u00f1ada para proporcionar a su piel una experiencia de spa facial calmante y refrescante dondequiera que vaya. Tanto si padece sequedad, exceso de grasa o irritaci\u00f3n, este vaporizador port\u00e1til es su compa\u00f1ero perfecto para mantener un cutis luminoso y saludable.<\/p>\n<h2>Caracter\u00edsticas principales<\/h2>\n<p>Descubra las funciones avanzadas que hacen de este vaporizador nano un accesorio imprescindible para su rutina de cuidado de la piel:<\/p>\n<ul>\n<li><strong>Dise\u00f1o de doble cabezal pulverizador:<\/strong> La funci\u00f3n de doble chorro garantiza una hidrataci\u00f3n m\u00e1s r\u00e1pida y eficaz, proporcionando una bruma delicada y suave que penetra profundamente en la piel.<\/li>\n<li><strong>LED Skin Tester:<\/strong> Equipado con una pantalla LED de alta definici\u00f3n, este dispositivo comprueba los niveles de grasa e hidrataci\u00f3n de la piel, ayud\u00e1ndole a conocer su estado y a mantener el equilibrio.<\/li>\n<li><strong>Port\u00e1til y ligero:<\/strong> Lo suficientemente peque\u00f1o como para caber en el bolso, este pulverizador es perfecto para hidratarse sobre la marcha, ya sea en casa, en el trabajo o de viaje.<\/li>\n<li><strong>Recargable por USB:<\/strong> Con una bater\u00eda recargable integrada de 350 mAh, disfrute de hasta 60 minutos de uso tras s\u00f3lo 2-3 horas de carga.<\/li>\n<li><strong>Suave con el maquillaje:<\/strong> La fina bruma hidrata sin alterar el maquillaje, garantizando que tu look permanezca impecable a la vez que mantiene tu piel hidratada.<\/li>\n<li><strong>Dep\u00f3sito de agua de 25 ml:<\/strong> El amplio dep\u00f3sito de agua proporciona una vaporizaci\u00f3n continua, garantizando que su piel permanezca hidratada durante todo el d\u00eda.<\/li>\n<\/ul>\n<h2>Beneficios<\/h2>\n<p>Mejore su rutina de cuidado de la piel con estos incre\u00edbles beneficios:<\/p>\n<ul>\n<li><strong>Hidrataci\u00f3n profunda:<\/strong> La tecnolog\u00eda de nano nebulizaci\u00f3n garantiza que la hidrataci\u00f3n penetre profundamente en la piel, reduciendo la sequedad y mejorando la salud general de la piel.<\/li>\n<li><strong>Calma la irritaci\u00f3n:<\/strong> Ideal para aliviar la irritaci\u00f3n cut\u00e1nea causada por el calor, las quemaduras solares o los picores, proporcionando un efecto calmante a la piel.<\/li>\n<li><strong>Piel equilibrada:<\/strong> Ayuda a controlar la secreci\u00f3n de grasa, reduciendo los brillos y mejorando el aspecto del cutis.<\/li>\n<li><strong>F\u00e1cil de usar:<\/strong> El funcionamiento con un solo bot\u00f3n hace que sea f\u00e1cil de activar y disfrutar de la niebla refrescante en cualquier momento que lo necesite.<\/li>\n<li><strong>Cuidado de la piel port\u00e1til:<\/strong> Perfecto para estilos de vida ajetreados, ya que garantiza que pueda mantener su rutina de cuidado de la piel est\u00e9 donde est\u00e9.<\/li>\n<\/ul>\n<h2>C\u00f3mo utilizarlo<\/h2>\n<p>Para sacar el m\u00e1ximo partido a su vaporizador e hidratador facial port\u00e1til Nano Mist, siga estos sencillos pasos:<\/p>\n<ul>\n<li>Llene el dep\u00f3sito de agua de 25 ml con agua mineral natural o l\u00edquidos hidrosolubles como la leche.<\/li>\n<li>Evite utilizar agua pura, agua destilada, aceites esenciales, hidrosoles o cualquier l\u00edquido viscoso.<\/li>\n<li>Pulse el bot\u00f3n para liberar una fina niebla sobre el rostro, manteniendo el pulverizador a una distancia c\u00f3moda.<\/li>\n<li>Disfrute de la sensaci\u00f3n refrescante y de los beneficios de una piel profundamente hidratada.<\/li>\n<li>Controla los niveles de hidrataci\u00f3n y grasa de tu piel mediante la pantalla LED para mantener el equilibrio perfecto de la piel.<\/li>\n<\/ul>\n<h2>Lleve su cuidado de la piel al siguiente nivel<\/h2>\n<p>Transforme su rutina diaria de cuidado de la piel con el vaporizador e hidratador facial port\u00e1til Nano Mist con comprobador de piel. Sus funciones avanzadas, portabilidad y facilidad de uso lo convierten en una herramienta esencial para cualquiera que busque una piel m\u00e1s sana y radiante. No espere m\u00e1s: \u00a1mejore su cuidado de la piel hoy mismo!<\/p>\n<h2>Pida el suyo ahora<\/h2>\n<p>No pierda la oportunidad de revolucionar su rutina de cuidado de la piel. Haga clic en el siguiente enlace para solicitar su vaporizador e hidratante facial port\u00e1til Nano Mist ahora y experimente los beneficios de un tratamiento de spa profesional en casa o sobre la marcha.<\/p>","protected":false},"excerpt":{"rendered":"<p>Revitalize Your Skin Anytime, Anywhere Experience the ultimate in skin hydration with the Portable Nano Mist Facial Steamer &#038; Hydrator with Skin Tester. This compact and innovative beauty tool is designed to provide your skin with a soothing, refreshing facial spa experience wherever you go. Whether you&#8217;re dealing with dryness, excess oil, or irritation, this [&hellip;]<\/p>\n","protected":false},"featured_media":28053,"comment_status":"open","ping_status":"closed","template":"","meta":{"_et_pb_use_builder":"","_et_pb_old_content":"","_et_gb_content_width":""},"product_brand":[],"product_cat":[2068,2073],"product_tag":[],"class_list":{"0":"post-28050","1":"product","2":"type-product","3":"status-publish","4":"has-post-thumbnail","6":"product_cat-health-beauty","7":"product_cat-skin-care","8":"sellvia_product","10":"first","11":"instock","12":"sale","13":"featured","14":"taxable","15":"shipping-taxable","16":"purchasable","17":"product-type-variable"},"_links":{"self":[{"href":"https:\/\/fashionwis.com\/es\/wp-json\/wp\/v2\/product\/28050","targetHints":{"allow":["GET"]}}],"collection":[{"href":"https:\/\/fashionwis.com\/es\/wp-json\/wp\/v2\/product"}],"about":[{"href":"https:\/\/fashionwis.com\/es\/wp-json\/wp\/v2\/types\/product"}],"replies":[{"embeddable":true,"href":"https:\/\/fashionwis.com\/es\/wp-json\/wp\/v2\/comments?post=28050"}],"wp:featuredmedia":[{"embeddable":true,"href":"https:\/\/fashionwis.com\/es\/wp-json\/wp\/v2\/media\/28053"}],"wp:attachment":[{"href":"https:\/\/fashionwis.com\/es\/wp-json\/wp\/v2\/media?parent=28050"}],"wp:term":[{"taxonomy":"product_brand","embeddable":true,"href":"https:\/\/fashionwis.com\/es\/wp-json\/wp\/v2\/product_brand?post=28050"},{"taxonomy":"product_cat","embeddable":true,"href":"https:\/\/fashionwis.com\/es\/wp-json\/wp\/v2\/product_cat?post=28050"},{"taxonomy":"product_tag","embeddable":true,"href":"https:\/\/fashionwis.com\/es\/wp-json\/wp\/v2\/product_tag?post=28050"}],"curies":[{"name":"wp","href":"https:\/\/api.w.org\/{rel}","templated":true}]}}