{"id":44427,"date":"2024-08-28T05:57:50","date_gmt":"2024-08-28T05:57:50","guid":{"rendered":"https:\/\/fashionwis.com\/product\/compact-uv-protected-pocket-umbrella\/"},"modified":"2025-09-29T21:13:29","modified_gmt":"2025-09-29T21:13:29","slug":"compact-uv-protected-pocket-umbrella","status":"publish","type":"product","link":"https:\/\/fashionwis.com\/es\/producto\/compact-uv-protected-pocket-umbrella\/","title":{"rendered":"Paraguas de bolsillo compacto con protecci\u00f3n UV"},"content":{"rendered":"<h2>Presentamos el paraguas de bolsillo ultracompacto con protecci\u00f3n UV<\/h2>\n<p>Desp\u00eddete de los chaparrones inesperados y de los rayos UV con nuestra miniparaguas solar. Compacta, pr\u00e1ctica y dise\u00f1ada para tu comodidad, esta maravilla de bolsillo es tu escudo definitivo contra los elementos.<\/p>\n<h2>Caracter\u00edsticas del producto<\/h2>\n<ul>\n<li>50% \u00a1Descuento por tiempo limitado!<\/li>\n<li>Dise\u00f1o compacto y port\u00e1til<\/li>\n<li>UV Protecci\u00f3n ultravioleta<\/li>\n<li>Mecanismo plegable para guardarlo f\u00e1cilmente<\/li>\n<li>Construcci\u00f3n duradera de vinilo<\/li>\n<li>Parasol instant\u00e1neo<\/li>\n<li>Perfecto para adultos en movimiento<\/li>\n<\/ul>\n<h2>Ventajas que le encantar\u00e1n<\/h2>\n<ul>\n<li>Tanto si te pilla un chaparr\u00f3n repentino como si necesitas escapar del sol abrasador, nuestro Mini Paraguas Solar te cubre las espaldas. Lo suficientemente compacto como para caber en tu bolsillo o bolso, es tu compa\u00f1ero de confianza para las aventuras al aire libre.<\/li>\n<li>Proteja su piel de los da\u00f1inos rayos UV con la protecci\u00f3n UV integrada de nuestra sombrilla. Disfruta del aire libre sin preocuparte por los da\u00f1os o las quemaduras solares.<\/li>\n<li>Con su dise\u00f1o plegable, este paraguas es incre\u00edblemente f\u00e1cil de transportar. M\u00e9telo en el bolso, la mochila o incluso en el bolsillo, y siempre estar\u00e1s preparado para las condiciones meteorol\u00f3gicas cambiantes.<\/li>\n<li>Fabricado en vinilo de alta calidad, nuestro paraguas est\u00e1 hecho para durar. Llueva o haga sol, resistir\u00e1 todo lo que la madre naturaleza le eche.<\/li>\n<li>\u00bfNecesita un descanso del intenso calor del sol? S\u00f3lo tiene que abrir nuestra miniparaguas solar para obtener un alivio instant\u00e1neo. Su tama\u00f1o compacto la hace perfecta para proporcionar sombra all\u00e1 donde vayas.<\/li>\n<\/ul>\n<h2>\u00bfPor qu\u00e9 elegir nuestra miniparaguas solar?<\/h2>\n<p>En UltraCompact, entendemos la importancia de estar protegido y c\u00f3modo, sin importar d\u00f3nde te lleve el d\u00eda. Por eso hemos dise\u00f1ado nuestra miniparaguas solar para que sea la soluci\u00f3n definitiva cuando el tiempo es impredecible. Con su tama\u00f1o compacto, su construcci\u00f3n duradera y su protecci\u00f3n contra los rayos UV, es el accesorio perfecto para los amantes de las actividades al aire libre, los desplazamientos diarios y cualquier persona a la que le guste pasar tiempo al aire libre. No deje que el mal tiempo arruine sus planes: \u00a1est\u00e9 preparado con nuestra miniparaguas!<\/p>\n<h2>Consiga el suyo hoy mismo<\/h2>\n<p>No espere a la pr\u00f3xima tormenta u ola de calor: consiga hoy mismo su paraguas de bolsillo ultracompacto con protecci\u00f3n UV y mant\u00e9ngase protegido all\u00e1 donde vaya. Haz tu pedido ahora y disfruta de 50% de descuento por tiempo limitado.<\/p>","protected":false},"excerpt":{"rendered":"<p>Introducing the UltraCompact UV-Protected Pocket Umbrella Say goodbye to unexpected downpours and harsh UV rays with our Mini Sun Umbrella! Compact, convenient, and crafted for your comfort, this pocket-sized wonder is your ultimate shield against the elements. Product Features 50% Off for a Limited Time! Compact and Portable Design UV Ultraviolet Protection Folding Mechanism for [&hellip;]<\/p>\n","protected":false},"featured_media":44433,"comment_status":"open","ping_status":"closed","template":"","meta":{"_et_pb_use_builder":"","_et_pb_old_content":"","_et_gb_content_width":""},"product_brand":[],"product_cat":[3239,3229],"product_tag":[],"class_list":{"0":"post-44427","1":"product","2":"type-product","3":"status-publish","4":"has-post-thumbnail","6":"product_cat-accessories","7":"product_cat-fashion","8":"sellvia_product","10":"first","11":"instock","12":"sale","13":"featured","14":"taxable","15":"shipping-taxable","16":"purchasable","17":"product-type-variable"},"_links":{"self":[{"href":"https:\/\/fashionwis.com\/es\/wp-json\/wp\/v2\/product\/44427","targetHints":{"allow":["GET"]}}],"collection":[{"href":"https:\/\/fashionwis.com\/es\/wp-json\/wp\/v2\/product"}],"about":[{"href":"https:\/\/fashionwis.com\/es\/wp-json\/wp\/v2\/types\/product"}],"replies":[{"embeddable":true,"href":"https:\/\/fashionwis.com\/es\/wp-json\/wp\/v2\/comments?post=44427"}],"wp:featuredmedia":[{"embeddable":true,"href":"https:\/\/fashionwis.com\/es\/wp-json\/wp\/v2\/media\/44433"}],"wp:attachment":[{"href":"https:\/\/fashionwis.com\/es\/wp-json\/wp\/v2\/media?parent=44427"}],"wp:term":[{"taxonomy":"product_brand","embeddable":true,"href":"https:\/\/fashionwis.com\/es\/wp-json\/wp\/v2\/product_brand?post=44427"},{"taxonomy":"product_cat","embeddable":true,"href":"https:\/\/fashionwis.com\/es\/wp-json\/wp\/v2\/product_cat?post=44427"},{"taxonomy":"product_tag","embeddable":true,"href":"https:\/\/fashionwis.com\/es\/wp-json\/wp\/v2\/product_tag?post=44427"}],"curies":[{"name":"wp","href":"https:\/\/api.w.org\/{rel}","templated":true}]}}