{"id":14795,"date":"2024-08-28T02:43:29","date_gmt":"2024-08-28T02:43:29","guid":{"rendered":"https:\/\/fashionwis.com\/product\/microfiber-baby-diaper-inserts\/"},"modified":"2024-12-01T19:46:21","modified_gmt":"2024-12-01T19:46:21","slug":"microfiber-baby-diaper-inserts","status":"publish","type":"product","link":"https:\/\/fashionwis.com\/fr\/produit\/microfiber-baby-diaper-inserts\/","title":{"rendered":"Inserts de couches pour b\u00e9b\u00e9s en microfibre"},"content":{"rendered":"<h2>Gardez votre b\u00e9b\u00e9 au sec et confortable avec les prot\u00e8ge-couches en microfibre<\/h2>\n<p>Voici nos inserts de couche b\u00e9b\u00e9 en microfibre, le compl\u00e9ment parfait \u00e0 la routine de couches lavables de votre b\u00e9b\u00e9. Con\u00e7us pour une absorption et un confort maximums, ces inserts sont compos\u00e9s de trois couches de microfibres de haute qualit\u00e9, garantissant que votre b\u00e9b\u00e9 reste au sec et heureux toute la journ\u00e9e. Id\u00e9aux pour les couches lavables \u00e0 poche, ces inserts constituent une solution fiable et \u00e9cologique aux d\u00e9chets de couches jetables.<\/p>\n<p>Nos inserts en microfibre conviennent aussi bien aux gar\u00e7ons qu'aux filles et s'adaptent parfaitement \u00e0 n'importe quelle couche \u00e0 poche. Que vous vous occupiez d'un nouveau-n\u00e9 ou d'un enfant en bas \u00e2ge, ces inserts sont suffisamment polyvalents pour s'adapter \u00e0 un large \u00e9ventail d'\u00e2ges, de 0 \u00e0 36 mois. Avec une fourchette de poids de 11 \u00e0 26 livres, ils sont parfaitement adapt\u00e9s aux b\u00e9b\u00e9s en pleine croissance.<\/p>\n<h2>Caract\u00e9ristiques du produit<\/h2>\n<ul>\n<li>Construction en microfibre \u00e0 trois couches pour une absorption sup\u00e9rieure<\/li>\n<li>Design unisexe convenant aux gar\u00e7ons et aux filles<\/li>\n<li>Convient aux b\u00e9b\u00e9s pesant de 11 \u00e0 26 livres<\/li>\n<li>Compatible avec toutes les couches lavables \u00e0 poche<\/li>\n<li>Id\u00e9al pour les b\u00e9b\u00e9s de 0 \u00e0 36 mois<\/li>\n<li>R\u00e9utilisable et \u00e9cologique<\/li>\n<\/ul>\n<h2>Pourquoi choisir les prot\u00e8ge-couches en microfibre ?<\/h2>\n<p>Nos prot\u00e8ge-couches en microfibre sont con\u00e7us pour offrir le summum de la commodit\u00e9 et du confort, tant pour les parents que pour les b\u00e9b\u00e9s. La construction en microfibre \u00e0 trois couches assure une absorption maximale, gardant votre b\u00e9b\u00e9 au sec et r\u00e9duisant le risque d'\u00e9ryth\u00e8me fessier. Ces inserts sont \u00e9galement incroyablement faciles \u00e0 utiliser : il suffit de les ins\u00e9rer dans la poche de votre couche lavable, et ils sont pr\u00eats \u00e0 l'emploi. Ils sont parfaits pour une utilisation de jour, une protection de nuit, et tout ce qui se trouve entre les deux.<\/p>\n<h2>Avantages des feuillets de couches en microfibre<\/h2>\n<ul>\n<li><strong>Absorption sup\u00e9rieure :<\/strong> La mati\u00e8re en microfibre \u00e0 trois couches \u00e9vacue rapidement l'humidit\u00e9, gardant votre b\u00e9b\u00e9 au sec et \u00e0 l'aise.<\/li>\n<li><strong>R\u00e9utilisable et \u00e9cologique :<\/strong> Contrairement aux couches jetables, ces inserts peuvent \u00eatre lav\u00e9s et r\u00e9utilis\u00e9s, ce qui r\u00e9duit votre impact sur l'environnement.<\/li>\n<li><strong>Rentable :<\/strong> \u00c9conomisez de l'argent \u00e0 long terme en investissant dans des inserts de couches r\u00e9utilisables au lieu d'acheter constamment des couches jetables.<\/li>\n<li><strong>Coupe polyvalente :<\/strong> Ils conviennent \u00e0 un large \u00e9ventail d'\u00e2ges, des nouveau-n\u00e9s aux tout-petits, ce qui en fait un choix polyvalent pour les familles qui s'agrandissent.<\/li>\n<li><strong>Doux pour la peau :<\/strong> La mati\u00e8re douce en microfibre est respectueuse de la peau d\u00e9licate de votre b\u00e9b\u00e9, aidant \u00e0 pr\u00e9venir les irritations et l'\u00e9ryth\u00e8me fessier.<\/li>\n<\/ul>\n<h2>Quand utiliser les feuillets de couches en microfibre ?<\/h2>\n<p>Ces inserts de couche en microfibre sont parfaits pour chaque fois que vous avez besoin d'une absorption fiable. Utilisez-les pendant la journ\u00e9e pour les jeux actifs, la nuit pour une protection nocturne, ou \u00e0 chaque fois que votre b\u00e9b\u00e9 a besoin d'une couche s\u00e8che et confortable. Ils sont \u00e9galement parfaits pour les voyages, car ils permettent \u00e0 votre b\u00e9b\u00e9 de rester au sec et \u00e0 l'aise o\u00f9 que vous alliez.<\/p>\n<h2>Qu'est-ce qui rend nos feuillets de couches en microfibre si sp\u00e9ciaux ?<\/h2>\n<p>Nos inserts de couche en microfibre se distinguent par leur capacit\u00e9 d'absorption sup\u00e9rieure, leur polyvalence et leur conception respectueuse de l'environnement. La construction en microfibre \u00e0 trois couches est con\u00e7ue pour offrir une \u00e9vacuation maximale de l'humidit\u00e9, ce qui permet de garder votre b\u00e9b\u00e9 au sec et \u00e0 l'aise pendant de longues p\u00e9riodes. Ces inserts sont \u00e9galement con\u00e7us pour s'adapter parfaitement \u00e0 n'importe quelle couche lavable \u00e0 poche, ce qui en fait une option pratique et polyvalente pour les parents.<\/p>\n<p>N'attendez pas pour faire l'exp\u00e9rience de la commodit\u00e9 et du confort de nos inserts de couches pour b\u00e9b\u00e9s en microfibres. Commandez d\u00e8s maintenant et offrez \u00e0 votre b\u00e9b\u00e9 ce qu'il y a de mieux en mati\u00e8re de solutions de couches absorbantes et \u00e9cologiques !<\/p>","protected":false},"excerpt":{"rendered":"<p>Keep Your Baby Dry and Comfortable with Microfiber Diaper Inserts Introducing our Microfiber Baby Diaper Inserts, the perfect addition to your baby&#8217;s cloth diapering routine. Designed for maximum absorbency and comfort, these inserts are made with three layers of high-quality microfiber, ensuring your baby stays dry and happy all day long. Ideal for use with [&hellip;]<\/p>\n","protected":false},"featured_media":14797,"comment_status":"open","ping_status":"closed","template":"","meta":{"_et_pb_use_builder":"","_et_pb_old_content":"","_et_gb_content_width":""},"product_brand":[],"product_cat":[37,31],"product_tag":[],"class_list":{"0":"post-14795","1":"product","2":"type-product","3":"status-publish","4":"has-post-thumbnail","6":"product_cat-baby-care","7":"product_cat-kids-babies","8":"sellvia_product","10":"first","11":"instock","12":"sale","13":"taxable","14":"shipping-taxable","15":"purchasable","16":"product-type-variable"},"_links":{"self":[{"href":"https:\/\/fashionwis.com\/fr\/wp-json\/wp\/v2\/product\/14795","targetHints":{"allow":["GET"]}}],"collection":[{"href":"https:\/\/fashionwis.com\/fr\/wp-json\/wp\/v2\/product"}],"about":[{"href":"https:\/\/fashionwis.com\/fr\/wp-json\/wp\/v2\/types\/product"}],"replies":[{"embeddable":true,"href":"https:\/\/fashionwis.com\/fr\/wp-json\/wp\/v2\/comments?post=14795"}],"wp:featuredmedia":[{"embeddable":true,"href":"https:\/\/fashionwis.com\/fr\/wp-json\/wp\/v2\/media\/14797"}],"wp:attachment":[{"href":"https:\/\/fashionwis.com\/fr\/wp-json\/wp\/v2\/media?parent=14795"}],"wp:term":[{"taxonomy":"product_brand","embeddable":true,"href":"https:\/\/fashionwis.com\/fr\/wp-json\/wp\/v2\/product_brand?post=14795"},{"taxonomy":"product_cat","embeddable":true,"href":"https:\/\/fashionwis.com\/fr\/wp-json\/wp\/v2\/product_cat?post=14795"},{"taxonomy":"product_tag","embeddable":true,"href":"https:\/\/fashionwis.com\/fr\/wp-json\/wp\/v2\/product_tag?post=14795"}],"curies":[{"name":"wp","href":"https:\/\/api.w.org\/{rel}","templated":true}]}}