{"id":28050,"date":"2024-08-28T05:11:04","date_gmt":"2024-08-28T05:11:04","guid":{"rendered":"https:\/\/fashionwis.com\/product\/portable-nano-mist-facial-steamer-hydrator-with-skin-tester\/"},"modified":"2025-02-21T10:55:16","modified_gmt":"2025-02-21T10:55:16","slug":"portable-nano-mist-facial-steamer-hydrator-with-skin-tester","status":"publish","type":"product","link":"https:\/\/fashionwis.com\/fr\/produit\/portable-nano-mist-facial-steamer-hydrator-with-skin-tester\/","title":{"rendered":"Hydratant et hammam facial portable \u00e0 nano-brouillard avec testeur de peau"},"content":{"rendered":"<h2>Revitalisez votre peau \u00e0 tout moment et en tout lieu<\/h2>\n<p>Faites l'exp\u00e9rience de l'hydratation ultime de la peau avec le hammam et l'hydrateur facial portable Nano Mist avec testeur de peau. Cet outil de beaut\u00e9 compact et innovant est con\u00e7u pour offrir \u00e0 votre peau une exp\u00e9rience de spa facial apaisante et rafra\u00eechissante, o\u00f9 que vous alliez. Que vous ayez des probl\u00e8mes de s\u00e9cheresse, d'exc\u00e8s de s\u00e9bum ou d'irritation, ce hammam portatif est le compagnon id\u00e9al pour conserver un teint \u00e9clatant et sain.<\/p>\n<h2>Caract\u00e9ristiques principales<\/h2>\n<p>D\u00e9couvrez les caract\u00e9ristiques avanc\u00e9es qui font de ce nano-vaporisateur un must pour votre routine de soins :<\/p>\n<ul>\n<li><strong>Conception \u00e0 double t\u00eate de pulv\u00e9risation :<\/strong> La fonction double jet assure une hydratation plus rapide et plus efficace, d\u00e9livrant une brume d\u00e9licate et douce qui p\u00e9n\u00e8tre en profondeur dans votre peau.<\/li>\n<li><strong>Testeur de peau \u00e0 LED :<\/strong> Dot\u00e9 d'un \u00e9cran LED haute d\u00e9finition, cet appareil teste les niveaux d'huile et d'hydratation de la peau, vous aidant \u00e0 comprendre l'\u00e9tat de votre peau et \u00e0 maintenir son \u00e9quilibre.<\/li>\n<li><strong>Portable et l\u00e9ger :<\/strong> Suffisamment petit pour tenir dans votre sac \u00e0 main, ce pulv\u00e9risateur est parfait pour l'hydratation en d\u00e9placement, que ce soit \u00e0 la maison, au travail ou en voyage.<\/li>\n<li><strong>Rechargeable par USB :<\/strong> Gr\u00e2ce \u00e0 une batterie rechargeable int\u00e9gr\u00e9e de 350mAh, profitez de 60 minutes d'utilisation apr\u00e8s seulement 2 \u00e0 3 heures de charge.<\/li>\n<li><strong>Doux pour le maquillage :<\/strong> La fine brume hydrate sans perturber le maquillage, garantissant un look impeccable tout en gardant la peau hydrat\u00e9e.<\/li>\n<li><strong>R\u00e9servoir d'eau de 25 ml :<\/strong> Le grand r\u00e9servoir d'eau fournit une brume continue, garantissant que votre peau reste hydrat\u00e9e tout au long de la journ\u00e9e.<\/li>\n<\/ul>\n<h2>Avantages<\/h2>\n<p>Am\u00e9liorez votre routine de soins de la peau gr\u00e2ce \u00e0 ces avantages \u00e9tonnants :<\/p>\n<ul>\n<li><strong>Hydratation en profondeur :<\/strong> La technologie de la nano-brume permet \u00e0 l'hydratation de p\u00e9n\u00e9trer profond\u00e9ment dans la peau, r\u00e9duisant ainsi la s\u00e9cheresse et am\u00e9liorant la sant\u00e9 g\u00e9n\u00e9rale de la peau.<\/li>\n<li><strong>Apaiser l'irritation :<\/strong> Id\u00e9al pour soulager les irritations cutan\u00e9es caus\u00e9es par la chaleur, les coups de soleil ou les d\u00e9mangeaisons, en procurant un effet apaisant \u00e0 votre peau.<\/li>\n<li><strong>Peau \u00e9quilibr\u00e9e :<\/strong> Aide \u00e0 contr\u00f4ler la s\u00e9cr\u00e9tion de s\u00e9bum, \u00e0 r\u00e9duire la brillance et \u00e0 am\u00e9liorer l'apparence de votre teint.<\/li>\n<li><strong>Facile \u00e0 utiliser :<\/strong> Un seul bouton permet de l'activer et de profiter de la brume rafra\u00eechissante \u00e0 tout moment.<\/li>\n<li><strong>Soins portables :<\/strong> Parfaite pour les modes de vie actifs, elle vous permet de maintenir votre routine de soins de la peau o\u00f9 que vous soyez.<\/li>\n<\/ul>\n<h2>Comment l'utiliser<\/h2>\n<p>Pour tirer le meilleur parti de votre hammam facial et hydrateur portable Nano Mist, suivez ces \u00e9tapes simples :<\/p>\n<ul>\n<li>Remplissez le r\u00e9servoir d'eau de 25 ml avec de l'eau min\u00e9rale naturelle ou des liquides solubles dans l'eau comme le lait.<\/li>\n<li>\u00c9vitez d'utiliser de l'eau pure, de l'eau distill\u00e9e, des huiles essentielles, des hydrolats ou tout autre liquide visqueux.<\/li>\n<li>Appuyez sur le bouton pour diffuser une fine brume sur votre visage, en maintenant le pulv\u00e9risateur \u00e0 une distance confortable.<\/li>\n<li>Appr\u00e9ciez la sensation de fra\u00eecheur et les bienfaits d'une peau profond\u00e9ment hydrat\u00e9e.<\/li>\n<li>Surveillez les niveaux d'hydratation et de s\u00e9bum de votre peau \u00e0 l'aide de l'\u00e9cran LED pour maintenir un \u00e9quilibre parfait de la peau.<\/li>\n<\/ul>\n<h2>Faites passer vos soins de la peau \u00e0 la vitesse sup\u00e9rieure<\/h2>\n<p>Transformez votre routine quotidienne de soins de la peau gr\u00e2ce au hammam et \u00e0 l'hydrateur facial portable Nano Mist avec testeur de peau. Ses fonctions avanc\u00e9es, sa portabilit\u00e9 et sa facilit\u00e9 d'utilisation en font un outil essentiel pour tous ceux qui recherchent une peau plus saine et plus \u00e9clatante. N'attendez pas - am\u00e9liorez vos soins de la peau d\u00e8s aujourd'hui !<\/p>\n<h2>Commandez le v\u00f4tre maintenant<\/h2>\n<p>Ne manquez pas l'occasion de r\u00e9volutionner votre routine de soins de la peau. Cliquez sur le lien ci-dessous pour commander d\u00e8s maintenant votre hammam et hydrateur facial portable Nano Mist et profitez des bienfaits d'un traitement spa professionnel \u00e0 la maison ou en d\u00e9placement !<\/p>","protected":false},"excerpt":{"rendered":"<p>Revitalize Your Skin Anytime, Anywhere Experience the ultimate in skin hydration with the Portable Nano Mist Facial Steamer &#038; Hydrator with Skin Tester. This compact and innovative beauty tool is designed to provide your skin with a soothing, refreshing facial spa experience wherever you go. Whether you&#8217;re dealing with dryness, excess oil, or irritation, this [&hellip;]<\/p>\n","protected":false},"featured_media":28053,"comment_status":"open","ping_status":"closed","template":"","meta":{"_et_pb_use_builder":"","_et_pb_old_content":"","_et_gb_content_width":""},"product_brand":[],"product_cat":[2068,2073],"product_tag":[],"class_list":{"0":"post-28050","1":"product","2":"type-product","3":"status-publish","4":"has-post-thumbnail","6":"product_cat-health-beauty","7":"product_cat-skin-care","8":"sellvia_product","10":"first","11":"instock","12":"sale","13":"featured","14":"taxable","15":"shipping-taxable","16":"purchasable","17":"product-type-variable"},"_links":{"self":[{"href":"https:\/\/fashionwis.com\/fr\/wp-json\/wp\/v2\/product\/28050","targetHints":{"allow":["GET"]}}],"collection":[{"href":"https:\/\/fashionwis.com\/fr\/wp-json\/wp\/v2\/product"}],"about":[{"href":"https:\/\/fashionwis.com\/fr\/wp-json\/wp\/v2\/types\/product"}],"replies":[{"embeddable":true,"href":"https:\/\/fashionwis.com\/fr\/wp-json\/wp\/v2\/comments?post=28050"}],"wp:featuredmedia":[{"embeddable":true,"href":"https:\/\/fashionwis.com\/fr\/wp-json\/wp\/v2\/media\/28053"}],"wp:attachment":[{"href":"https:\/\/fashionwis.com\/fr\/wp-json\/wp\/v2\/media?parent=28050"}],"wp:term":[{"taxonomy":"product_brand","embeddable":true,"href":"https:\/\/fashionwis.com\/fr\/wp-json\/wp\/v2\/product_brand?post=28050"},{"taxonomy":"product_cat","embeddable":true,"href":"https:\/\/fashionwis.com\/fr\/wp-json\/wp\/v2\/product_cat?post=28050"},{"taxonomy":"product_tag","embeddable":true,"href":"https:\/\/fashionwis.com\/fr\/wp-json\/wp\/v2\/product_tag?post=28050"}],"curies":[{"name":"wp","href":"https:\/\/api.w.org\/{rel}","templated":true}]}}