{"id":42562,"date":"2024-08-28T05:53:50","date_gmt":"2024-08-28T05:53:50","guid":{"rendered":"https:\/\/fashionwis.com\/product\/womens-genuine-leather-pointed-toe-chunky-ankle-boots\/"},"modified":"2025-09-29T21:28:33","modified_gmt":"2025-09-29T21:28:33","slug":"womens-genuine-leather-pointed-toe-chunky-ankle-boots","status":"publish","type":"product","link":"https:\/\/fashionwis.com\/fr\/produit\/womens-genuine-leather-pointed-toe-chunky-ankle-boots\/","title":{"rendered":"Bottines en cuir v\u00e9ritable \u00e0 bout pointu pour femmes"},"content":{"rendered":"<h2>Rehaussez votre style avec ces \u00e9l\u00e9gantes bottines en cuir<\/h2>\n<p>Rehaussez votre garde-robe hivernale avec ces \u00e9l\u00e9gantes bottines \u00e0 bout pointu en cuir v\u00e9ritable pour femmes. Con\u00e7ues pour la femme moderne qui appr\u00e9cie \u00e0 la fois la mode et la fonctionnalit\u00e9, ces bottes sont indispensables pour la saison froide. Fabriqu\u00e9es en cuir de mouton de haute qualit\u00e9, elles offrent une durabilit\u00e9 et une sensation de luxe qui s'accordent avec n'importe quelle tenue. Que ce soit pour aller au travail ou pour une sortie d\u00e9contract\u00e9e, ces bottes vous assureront confort et chic tout au long de la journ\u00e9e.<\/p>\n<h2>Caract\u00e9ristiques du produit<\/h2>\n<p>Nos bottines \u00e0 bout pointu en cuir v\u00e9ritable pour femmes sont dot\u00e9es de caract\u00e9ristiques qui en font un ajout essentiel \u00e0 votre collection de chaussures :<\/p>\n<ul>\n<li><strong>Type de bottes :<\/strong> Travail et s\u00e9curit\u00e9<\/li>\n<li><strong>Mat\u00e9riau de l'arbre :<\/strong> Cuir de mouton v\u00e9ritable<\/li>\n<li><strong>Mat\u00e9riau de la semelle ext\u00e9rieure :<\/strong> TPR (caoutchouc thermoplastique)<\/li>\n<li><strong>Mati\u00e8re sup\u00e9rieure :<\/strong> Cuir de mouton v\u00e9ritable<\/li>\n<li><strong>Mat\u00e9riau de la semelle :<\/strong> Peluche courte<\/li>\n<li><strong>Type de talon :<\/strong> Talon carr\u00e9<\/li>\n<li><strong>Mati\u00e8re de la doublure :<\/strong> Peluche courte<\/li>\n<li><strong>Hauteur des bottes :<\/strong> Cheville<\/li>\n<li><strong>Forme des orteils :<\/strong> Bout pointu<\/li>\n<li><strong>Hauteur du talon :<\/strong> Haut (6cm)<\/li>\n<li><strong>Type de fermeture :<\/strong> Fermeture \u00e0 glissi\u00e8re<\/li>\n<li><strong>Style :<\/strong> R\u00e9tro<\/li>\n<li><strong>\u00c9l\u00e9ment de mode :<\/strong> Li\u00e9s par des liens crois\u00e9s<\/li>\n<li><strong>Fait \u00e0 la main :<\/strong> Oui<\/li>\n<\/ul>\n<table>\n<thead>\n<tr>\n<th>Pieds de long (cm)<\/th>\n<th>22.0<\/th>\n<th>22.5<\/th>\n<th>23.0<\/th>\n<th>23.5<\/th>\n<th>24.0<\/th>\n<th>24.5<\/th>\n<th>25.0<\/th>\n<th>25.5<\/th>\n<th>26.0<\/th>\n<\/tr>\n<\/thead>\n<tbody>\n<tr>\n<td>Taille EUR<\/td>\n<td>34<\/td>\n<td>35<\/td>\n<td>36<\/td>\n<td>37<\/td>\n<td>38<\/td>\n<td>39<\/td>\n<td>40<\/td>\n<td>41<\/td>\n<td>42<\/td>\n<\/tr>\n<tr>\n<td>Taille US<\/td>\n<td>4<\/td>\n<td>5<\/td>\n<td>5.5<\/td>\n<td>6<\/td>\n<td>7<\/td>\n<td>7.5<\/td>\n<td>8<\/td>\n<td>9<\/td>\n<td>9.5<\/td>\n<\/tr>\n<\/tbody>\n<\/table>\n<h2>Parfait pour toutes les occasions<\/h2>\n<p>Ces bottes sont con\u00e7ues pour \u00eatre polyvalentes et peuvent \u00eatre port\u00e9es \u00e0 diverses occasions. Que vous vous habilliez pour une soir\u00e9e ou que vous ayez besoin d'une paire de bottes robuste mais \u00e9l\u00e9gante pour le travail, ces bottes sont parfaites pour vous. Le cuir de mouton v\u00e9ritable garantit la chaleur et le confort de vos pieds, ce qui les rend id\u00e9ales pour l'hiver. Le bout pointu et le talon \u00e9pais ajoutent une touche d'\u00e9l\u00e9gance, tandis que le style r\u00e9tro leur conf\u00e8re une allure unique et \u00e0 la mode.<\/p>\n<h2>Pourquoi choisir ces bottes ?<\/h2>\n<p>La particularit\u00e9 de ces bottes de cheville en cuir v\u00e9ritable \u00e0 bout pointu est qu'elles allient style, confort et durabilit\u00e9. Les mat\u00e9riaux et la fabrication de haute qualit\u00e9 garantissent que ces bottes dureront des saisons enti\u00e8res. La doublure et la semelle int\u00e9rieure en peluche offrent un confort suppl\u00e9mentaire, tandis que la semelle ext\u00e9rieure en TPR offre une traction et une stabilit\u00e9 excellentes. L'\u00e9l\u00e9ment de mode crois\u00e9 et la fermeture \u00e0 glissi\u00e8re ajoutent \u00e0 la fois de la praticit\u00e9 et du style.<\/p>\n<h2>Avantages<\/h2>\n<ul>\n<li>Cuir de mouton v\u00e9ritable durable et de haute qualit\u00e9<\/li>\n<li>Doublure et semelle int\u00e9rieure confortables en peluche courte<\/li>\n<li>Design r\u00e9tro \u00e9l\u00e9gant avec bout pointu et talon \u00e9pais<\/li>\n<li>Fermeture \u00e0 glissi\u00e8re s\u00fbre et facile \u00e0 utiliser<\/li>\n<li>Polyvalent pour le travail, les sorties d\u00e9contract\u00e9es et les occasions sp\u00e9ciales<\/li>\n<\/ul>\n<h2>Commandez le v\u00f4tre d\u00e8s aujourd'hui !<\/h2>\n<p>Ne manquez pas ces incontournables bottines \u00e0 bout pointu en cuir v\u00e9ritable pour femmes. Parfaites pour la femme moderne, elles offrent un m\u00e9lange de style, de confort et de durabilit\u00e9 qui rehaussera n'importe quelle tenue. Commandez maintenant et am\u00e9liorez votre garde-robe d'hiver avec ces bottes chics et polyvalentes !<\/p>","protected":false},"excerpt":{"rendered":"<p>Step Up Your Style with These Chic Leather Ankle Boots Elevate your winter wardrobe with these stylish Women&#8217;s Genuine Leather Pointed Toe Chunky Ankle Boots. Designed for the modern woman who values both fashion and functionality, these boots are a must-have for the cold season. Crafted from high-quality sheepskin leather, they offer durability and a [&hellip;]<\/p>\n","protected":false},"featured_media":42595,"comment_status":"open","ping_status":"closed","template":"","meta":{"_et_pb_use_builder":"","_et_pb_old_content":"","_et_gb_content_width":""},"product_brand":[],"product_cat":[3229,3238,3714],"product_tag":[],"class_list":{"0":"post-42562","1":"product","2":"type-product","3":"status-publish","4":"has-post-thumbnail","6":"product_cat-fashion","7":"product_cat-shoes","8":"product_cat-women","9":"sellvia_product","11":"first","12":"instock","13":"sale","14":"featured","15":"taxable","16":"shipping-taxable","17":"purchasable","18":"product-type-variable"},"_links":{"self":[{"href":"https:\/\/fashionwis.com\/fr\/wp-json\/wp\/v2\/product\/42562","targetHints":{"allow":["GET"]}}],"collection":[{"href":"https:\/\/fashionwis.com\/fr\/wp-json\/wp\/v2\/product"}],"about":[{"href":"https:\/\/fashionwis.com\/fr\/wp-json\/wp\/v2\/types\/product"}],"replies":[{"embeddable":true,"href":"https:\/\/fashionwis.com\/fr\/wp-json\/wp\/v2\/comments?post=42562"}],"wp:featuredmedia":[{"embeddable":true,"href":"https:\/\/fashionwis.com\/fr\/wp-json\/wp\/v2\/media\/42595"}],"wp:attachment":[{"href":"https:\/\/fashionwis.com\/fr\/wp-json\/wp\/v2\/media?parent=42562"}],"wp:term":[{"taxonomy":"product_brand","embeddable":true,"href":"https:\/\/fashionwis.com\/fr\/wp-json\/wp\/v2\/product_brand?post=42562"},{"taxonomy":"product_cat","embeddable":true,"href":"https:\/\/fashionwis.com\/fr\/wp-json\/wp\/v2\/product_cat?post=42562"},{"taxonomy":"product_tag","embeddable":true,"href":"https:\/\/fashionwis.com\/fr\/wp-json\/wp\/v2\/product_tag?post=42562"}],"curies":[{"name":"wp","href":"https:\/\/api.w.org\/{rel}","templated":true}]}}